{"id":29,"date":"2020-05-20T14:34:20","date_gmt":"2020-05-20T12:34:20","guid":{"rendered":"http:\/\/studiobodie.pl\/?page_id=29"},"modified":"2025-07-25T11:43:32","modified_gmt":"2025-07-25T09:43:32","slug":"kontakt","status":"publish","type":"page","link":"https:\/\/studiobodie.pl\/index.php\/kontakt\/","title":{"rendered":"Kontakt"},"content":{"rendered":"\n<p class=\"has-text-align-left\">Studio nagra\u0144 BODiE | ul. Szarych Szereg\u00f3w 23a, 60-462 Pozna\u0144<\/p>\n\n\n\n<p class=\"has-text-align-left\">E.: studio@bodie.pl <\/p>\n\n\n\n<div class=\"wp-block-columns are-vertically-aligned-center is-layout-flex wp-container-core-columns-is-layout-2 wp-block-columns-is-layout-flex\">\n<div class=\"wp-block-column is-vertically-aligned-center is-layout-flow wp-block-column-is-layout-flow\">\n<p class=\"has-text-align-left\"><br>M.: +48 511 768 970<br><\/p>\n<\/div>\n\n\n\n<div class=\"wp-block-column is-vertically-aligned-center is-layout-flow wp-block-column-is-layout-flow\">\n<div class=\"wp-block-columns are-vertically-aligned-center is-layout-flex wp-container-core-columns-is-layout-1 wp-block-columns-is-layout-flex\">\n<div class=\"wp-block-column is-vertically-aligned-center is-layout-flow wp-block-column-is-layout-flow\">\n<a href=\"https:\/\/www.facebook.com\/studiobodiepl\/\" target=\"_blank\" rel=\"noopener noreferrer\"><i class=\"fab fa-facebook-square fa-3x \"><\/i><\/a>\n<\/div>\n\n\n\n<div class=\"wp-block-column is-vertically-aligned-center is-layout-flow wp-block-column-is-layout-flow\">\n<a href=\"https:\/\/www.linkedin.com\/company\/42695970\" target=\"_blank\" rel=\"noopener noreferrer\"><i class=\"fab fa-linkedin fa-3x\"><\/i><\/a>\n<\/div>\n\n\n\n<div class=\"wp-block-column is-vertically-aligned-center is-layout-flow wp-block-column-is-layout-flow\">\n<a href=\"https:\/\/www.youtube.com\/channel\/UCSEvxLJEbsbIMOc0ZEN6sZg\" target=\"_blank\" rel=\"noopener noreferrer\"><i class=\"fab fa-youtube fa-3x\"><\/i><\/a>\n<\/div>\n<\/div>\n\n\n\n<p><\/p>\n<\/div>\n<\/div>\n\n\n\n<p><a href=\"https:\/\/studiobodie.pl\/index.php\/polityka-prywatnosci\/\">Polityka prywatno\u015bci<\/a> | <a href=\"https:\/\/studiobodie.pl\/index.php\/polityka-plikow-cookie\/\">Polityka plik\u00f3w cookie<\/a><\/p>\n","protected":false},"excerpt":{"rendered":"<p>Studio nagra\u0144 BODiE | ul. Szarych Szereg\u00f3w 23a, 60-462 Pozna\u0144 E.: studio@bodie.pl M.: +48 511 768 970 Polityka prywatno\u015bci | Polityka plik\u00f3w cookie<\/p>\n","protected":false},"author":1,"featured_media":0,"parent":0,"menu_order":0,"comment_status":"closed","ping_status":"closed","template":"","meta":{"footnotes":""},"aioseo_notices":[],"_links":{"self":[{"href":"https:\/\/studiobodie.pl\/index.php\/wp-json\/wp\/v2\/pages\/29"}],"collection":[{"href":"https:\/\/studiobodie.pl\/index.php\/wp-json\/wp\/v2\/pages"}],"about":[{"href":"https:\/\/studiobodie.pl\/index.php\/wp-json\/wp\/v2\/types\/page"}],"author":[{"embeddable":true,"href":"https:\/\/studiobodie.pl\/index.php\/wp-json\/wp\/v2\/users\/1"}],"replies":[{"embeddable":true,"href":"https:\/\/studiobodie.pl\/index.php\/wp-json\/wp\/v2\/comments?post=29"}],"version-history":[{"count":58,"href":"https:\/\/studiobodie.pl\/index.php\/wp-json\/wp\/v2\/pages\/29\/revisions"}],"predecessor-version":[{"id":279,"href":"https:\/\/studiobodie.pl\/index.php\/wp-json\/wp\/v2\/pages\/29\/revisions\/279"}],"wp:attachment":[{"href":"https:\/\/studiobodie.pl\/index.php\/wp-json\/wp\/v2\/media?parent=29"}],"curies":[{"name":"wp","href":"https:\/\/api.w.org\/{rel}","templated":true}]}}