{"id":3,"date":"2020-05-19T21:03:22","date_gmt":"2020-05-19T19:03:22","guid":{"rendered":"http:\/\/studiobodie.pl\/?page_id=3"},"modified":"2021-03-03T12:22:22","modified_gmt":"2021-03-03T11:22:22","slug":"polityka-prywatnosci","status":"publish","type":"page","link":"https:\/\/studiobodie.pl\/index.php\/polityka-prywatnosci\/","title":{"rendered":"Polityka prywatno\u015bci"},"content":{"rendered":"\n<p><strong>Polityka prywatno\u015bci<\/strong><\/p>\n\n\n\n<p>Administratorem danych osobowych jest:<\/p>\n\n\n\n<p><strong>Bankowy O\u015brodek Doradztwa i Edukacji Sp. z o.o.<\/strong><\/p>\n\n\n\n<p>ul. Szarych Szereg\u00f3w 23a, (60-462) Pozna\u0144<\/p>\n\n\n\n<p>(zwany dalej: BODiE, administrator)<\/p>\n\n\n\n<p>Polityka prywatno\u015bci okre\u015bla cele, podstawy prawne oraz zasady przetwarzania danych osobowych, kt\u00f3re dokonywane jest przez Bankowy O\u015brodek Doradztwa i Edukacji Sp. z o.o. w ramach funkcjonowania strony internetowej oraz prowadzenia dzia\u0142alno\u015bci gospodarczej. Poni\u017cej znajduje si\u0119 wyszczeg\u00f3lnienie poszczeg\u00f3lnych proces\u00f3w przetwarzania wraz z opisaniem ich specyfiki.<\/p>\n\n\n\n<p>Ka\u017cdej osobie, kt\u00f3rej dane dotycz\u0105 przys\u0142uguje prawo do:<\/p>\n\n\n\n<ul><li>dost\u0119pu do danych osobowych i otrzymania kopii danych podlegaj\u0105cych przetwarzaniu,<\/li><li>sprostowania nieprawid\u0142owych danych;<\/li><li>\u017c\u0105dania usuni\u0119cia danych (prawo do bycia zapomnianym) w przypadku wyst\u0105pienia okoliczno\u015bci przewidzianych w art. 17 RODO;<\/li><li>\u017c\u0105dania ograniczenia przetwarzania danych w przypadkach wskazanych w art. 18 RODO;<\/li><li>wniesienia sprzeciwu wobec przetwarzania danych w przypadkach wskazanych w art. 21 RODO;<\/li><li>przenoszenia dostarczonych danych, przetwarzanych w spos\u00f3b zautomatyzowany;<\/li><li>cofni\u0119cia zgody na przetwarzanie danych osobowych, je\u017celi dane przetwarzane s\u0105 na podstawie zgody.<\/li><\/ul>\n\n\n\n<p>Je\u017celi uwa\u017ca Pani\/Pan, \u017ce dane osobowe s\u0105 przetwarzane niezgodnie z prawem, przys\u0142uguje prawo do wniesienia skargi do organu nadzorczego (UODO, ul. Stawki 2, Warszawa).<\/p>\n\n\n\n<p>W sprawie realizacji praw lub w je\u017celi posiada Pani\/Pan dodatkowe pytania dotycz\u0105ce przetwarzania danych prosimy o kontakt z Inspektorem Ochrony Danych pod adresem <a href=\"mailto:iod@bodie.pl\">iod@bodie.pl<\/a> lub wysy\u0142aj\u0105c korespondencj\u0119 na adres BODiE.<\/p>\n\n\n\n<p>Poni\u017cej wyszczeg\u00f3lniono procesy przetwarzania wraz ze wskazaniem podstawy oraz celu przetwarzania danych.<\/p>\n\n\n\n<ol type=\"1\"><li><strong>Pliki Cookie<\/strong><\/li><\/ol>\n\n\n\n<p>Na zasadach okre\u015blonych w Polityce plik\u00f3w cookie BODiE przetwarza dane osobowe w celu i na podstawie:<\/p>\n\n\n\n<ul><li>art. 6 ust. 1 lit. a RODO (zgody) przetwarzane s\u0105 dane osobowe w zwi\u0105zku z dzia\u0142alno\u015bci analitycznych plik\u00f3w cookie. Zgoda mo\u017ce by\u0107 cofni\u0119ta w ka\u017cdym momencie. W tym celu prosimy o zmian\u0119 ustawie\u0144 przegl\u0105darki internetowej;<\/li><li>art. 6 ust. 1 lit. f RODO (prawnie uzasadniony interes administratora) przetwarzane s\u0105 dane osobowe w zwi\u0105zku z dzia\u0142alno\u015bci\u0105.<\/li><\/ul>\n\n\n\n<p>Dane osobowe przetwarzane s\u0105 przez okres przechowywania plik\u00f3w cookie zgodnie z Polityk\u0105 plik\u00f3w cookie.<\/p>\n\n\n\n<p>Dane osobowe mog\u0105 przy przekazane podmiotom zapewniaj\u0105cym informatyczn\u0105 obs\u0142ug\u0119 strony internetowej.<\/p>\n\n\n\n<p>BODiE nie przekazuje danych osobowych do pa\u0144stwa trzeciego (poza Europejski Obszar Gospodarczy) ani do organizacji mi\u0119dzynarodowej. Dane w tym zakresie mog\u0105 podlega\u0107 automatycznemu przetwarzaniu.<\/p>\n\n\n\n<ul><li><strong>Newsletter<\/strong><\/li><\/ul>\n\n\n\n<p>Dane osobowe os\u00f3b, kt\u00f3re zapisa\u0142y si\u0119 do newsletteru BODiE przetwarzane s\u0105 w celu i na podstawie:<\/p>\n\n\n\n<ul><li>art. 6 ust. 1 lit. a RODO (zgoda) w celu przes\u0142ania zam\u00f3wionych informacji handlowych oraz aktualno\u015bci zwi\u0105zanych z dzia\u0142alno\u015bci\u0105 BODiE. Zgoda mo\u017ce by\u0107 w ka\u017cdym momencie wycofana.<\/li><\/ul>\n\n\n\n<p>Podanie danych jest dobrowolne, jednak\u017ce jest warunkiem aby zapisanie si\u0119 do newsletteru by\u0142o skuteczne.<\/p>\n\n\n\n<p>Dane osobowe b\u0119d\u0105 przetwarzane do momentu wycofania zgody. Mog\u0105 zosta\u0107 przekazane podmiotom \u015bwiadcz\u0105cym na rzecz BODiE us\u0142ugi informatyczne zwi\u0105zane z utrzymaniem systemu newslettera.<\/p>\n\n\n\n<p>BODiE nie przekazuje danych osobowych do pa\u0144stwa trzeciego (poza Europejski Obszar Gospodarczy) ani do organizacji mi\u0119dzynarodowej. Dane w tym zakresie nie b\u0119d\u0105 podlega\u0107 automatycznemu przetwarzaniu oraz nie b\u0119d\u0105 wykorzystywane do profilowania.<\/p>\n\n\n\n<ul><li><strong>Formularz kontaktowy<\/strong><\/li><\/ul>\n\n\n\n<p>W sytuacji, gdy skontaktuje si\u0119 Pani\/Pan z BODiE dane osobowe b\u0119d\u0105 przetwarzane w celu i na podstawie:<\/p>\n\n\n\n<ul><li>art. 6 ust. 1 lit. b RODO w celu wykonania umowy lub podj\u0119cia czynno\u015bci przed zawarciem umowy na Pani\/Pana \u017c\u0105danie;<\/li><li>art. 6 ust. 1 lit. f RODO (prawnie uzasadniony interes) w celu udzielenia odpowiedzi na przes\u0142ane zapytanie oraz rozpatrzenie zg\u0142oszonych spraw.<\/li><\/ul>\n\n\n\n<p>Podanie danych jest dobrowolne, jednak\u017ce jest warunkiem aby mo\u017cliwe by\u0142o skorzystanie z formularza kontaktowego.<\/p>\n\n\n\n<p>Dane osobowe b\u0119d\u0105 przetwarzane do czasu przedawnienia ewentualnych roszcze\u0144 zwi\u0105zanych z realizacj\u0105 umowy lub przez okres wskazany przepisami prawa.<\/p>\n\n\n\n<p>BODiE nie przekazuje danych osobowych do pa\u0144stwa trzeciego (poza Europejski Obszar Gospodarczy) ani do organizacji mi\u0119dzynarodowej. Dane w tym zakresie nie b\u0119d\u0105 podlega\u0107 automatycznemu przetwarzaniu oraz nie b\u0119d\u0105 wykorzystywane do profilowania.<\/p>\n\n\n\n<ul><li><strong>Facebook<\/strong><\/li><\/ul>\n\n\n\n<p><strong>Administratorzy<\/strong><\/p>\n\n\n\n<p>Bankowy O\u015brodek Doradztwa i Edukacji Sp. z o.o. z siedzib\u0105 w Poznaniu (60-462) przy ul. Szarych Szereg\u00f3w 23a, dalej \u201eBODiE\u201d jako operator funpage \u201eBODiE: Bankowy O\u015brodek Doradztwa i Edukacji Sp. z o.o.\u201d w serwisie spo\u0142eczno\u015bciowym Facebook,<\/p>\n\n\n\n<p>oraz<\/p>\n\n\n\n<p>Facebook Ireland Ltd z siedzib\u0105 w 4 Grand Canal Square Grand Canal Harbour Dublin 2 Ireland, dalej \u201eFB\u201d, jako operator serwisu spo\u0142eczno\u015bciowego Facebook.<\/p>\n\n\n\n<p>Wsp\u00f3\u0142praca pomi\u0119dzy BODiE a FB odbywa si\u0119 zgodne z zasadami okre\u015blonymi w Regulaminie (<a href=\"https:\/\/www.facebook.com\/legal\/terms\">https:\/\/www.facebook.com\/legal\/terms<\/a>).<\/p>\n\n\n\n<p><strong>Jak zbieramy dane osobowe?<\/strong><\/p>\n\n\n\n<p>BODiE przetwarza Twoje dane w momencie, gdy odwiedzasz funpage oraz wchodzisz w interakcj\u0119 zostawiaj\u0105c komentarz, reaguj\u0105c na udost\u0119pnione tre\u015bci lub wysy\u0142aj\u0105c wiadomo\u015b\u0107 prywatn\u0105. Twoja interakcja mo\u017ce by\u0107 r\u00f3wnie\u017c widoczna dla innych u\u017cytkownik\u00f3w FB.<\/p>\n\n\n\n<p>BODiE przetwarza tak\u017ce dane statystyczne udost\u0119pnione przez FB za pomoc\u0105 narz\u0119dzia Facebook Insights. S\u0105 to statystyki informuj\u0105ce nas w jaki spos\u00f3b u\u017cytkownicy reaguj\u0105 na udost\u0119pnione przez nas tre\u015bci oraz przekazuj\u0105 dane dotycz\u0105ce grupy odbiorc\u00f3w. Generowane s\u0105 przez FB za pomoc\u0105 plik\u00f3w cookies, kt\u00f3re umieszczane s\u0105 na urz\u0105dzeniu z kt\u00f3rego odwiedzasz nasz funpage. Pliki te zawieraj\u0105 indywidualny przypisany do konta u\u017cytkownika, kt\u00f3ry odczyta\u0107 mo\u017ce wy\u0142\u0105cznie FB. Aktywne s\u0105 przez okres dw\u00f3ch lat, chyba \u017ce zostan\u0105 wcze\u015bniej usuni\u0119te. FB mo\u017ce zbiera\u0107 informacje za po\u015brednictwem plik\u00f3w cookies o osobach, kt\u00f3re nie maj\u0105 konta na serwisie spo\u0142eczno\u015bciowym Facebook. Pliki cookies umieszczone na Twoim urz\u0105dzeniu w zwi\u0105zku z wizyt\u0105 na naszym funpage mog\u0105 by\u0107 wykorzystane przez FB na potrzeby statystyczne oraz marketingowe innych podmiot\u00f3w ni\u017c BODiE. Wi\u0119cej informacji dotycz\u0105cych zasad stosowania plik\u00f3w cookies znajdziesz w pod adresem <a href=\"https:\/\/www.facebook.com\/policies\/cookies\/\">https:\/\/www.facebook.com\/policies\/cookies\/.<\/a><\/p>\n\n\n\n<p><strong>W jakim celu i na jakiej podstawie przetwarzamy dane osobowe?<\/strong><\/p>\n\n\n\n<p>BODiE przetwarza dane osobowe w celu:<\/p>\n\n\n\n<ul><li>obs\u0142ugi funpage oraz komunikacji z osobami, kt\u00f3re go odwiedzaj\u0105, w szczeg\u00f3lno\u015bci poprzez odpowiedzi na pytania zadane w prywatnych wiadomo\u015bciach;<\/li><li>analizy danych statystycznych w celu skuteczniejszego kierowania tre\u015bci do grona odbiorc\u00f3w.<\/li><\/ul>\n\n\n\n<p>Przetwarzanie danych osobowych opiera si\u0119 na:<\/p>\n\n\n\n<ul><li>art. 6 ust. 1 lit. b) RODO \u2013 w przypadku \u015bwiadczenia us\u0142ug na \u017c\u0105danie u\u017cytkownika fanpage (w szczeg\u00f3lno\u015bci poprzez udzielenie odpowiedzi na reakcje u\u017cytkownik\u00f3w, komentarze oraz wiadomo\u015bci prywatne);<\/li><li>art. 6 ust. 1 lit. f) RODO \u2013 w przypadku przetwarzania statystyk dotycz\u0105cych u\u017cytkownik\u00f3w naszego funpage \u2013 w celu optymalizacji jego dzia\u0142alno\u015bci oraz zwi\u0119kszenia grona odbiorc\u00f3w, co stanowi nasze prawnie uzasadnione cele.<\/li><\/ul>\n\n\n\n<p>FB przetwarza dane osobowe w celach wskazanych w polityce prywatno\u015bci, kt\u00f3ra dost\u0119pna jest pod adresem: <a href=\"https:\/\/www.facebook.com\/about\/privacy\/update\">https:\/\/www.facebook.com\/about\/privacy\/update<\/a><a href=\"https:\/\/www.facebook.com\/about\/privacy\/update.\">.<\/a><\/p>\n\n\n\n<p><strong>Transfer danych<\/strong><\/p>\n\n\n\n<p>Twoje dane osobowe, kt\u00f3re zosta\u0142y zgromadzone w zwi\u0105zku z wizyt\u0105 na naszym funpage mog\u0105 by\u0107 przekazane przez FB poza Europejski Obszar Gospodarczy, w szczeg\u00f3lno\u015bci do USA. Zasady przekazywania danych przez FB do kraj\u00f3w trzecich s\u0105 dost\u0119pne pod adresem: <a href=\"https:\/\/www.facebook.com\/about\/privacy\/update\">https:\/\/www.facebook.com\/about\/privacy\/update<\/a>.<\/p>\n\n\n\n<p><strong>Zarz\u0105dzanie zbieraniem danych osobowych<\/strong><\/p>\n\n\n\n<p>Przekazanie danych osobowych jest dobrowolne. Jako u\u017cytkownik Facebooka masz mo\u017cliwo\u015b\u0107 zmiany zakresu gromadzonych danych na naszym funpage poprzez ustawienia preferencji reklam (<a href=\"https:\/\/www.facebook.com\/ds\/preferences\/#_=_\">https:\/\/www.facebook.com\/ds\/preferences\/#_=_<\/a>). Ponadto mo\u017cesz ograniczy\u0107 lub wy\u0142\u0105czy\u0107 dzia\u0142anie plik\u00f3w cookies poprzez ustawienia preferencji przegl\u0105darki, kt\u00f3r\u0105 wykorzystujesz do odwiedzenia naszego funpage.<\/p>\n\n\n\n<p><strong>Twoje prawa<\/strong><\/p>\n\n\n\n<p>W zwi\u0105zku z przetwarzaniem danych osobowych przys\u0142uguje Ci prawo do dost\u0119pu do danych osobowych, sprostowania danych, \u017c\u0105dania usuni\u0119cia danych, \u017c\u0105dania ograniczenia przetwarzania danych osobowych oraz wniesienia sprzeciwu wobec przetwarzania danych osobowych. W celu realizacji praw skontaktuj si\u0119:<\/p>\n\n\n\n<ul><li>z FB za pomoc\u0105 danych kontaktowych wskazanych na stronie https:\/\/www.facebook.com\/about\/privacy\/ (na dole strony);<\/li><li>z BODiE poprzez przes\u0142anie wiadomo\u015bci na adres <a href=\"mailto:iod@bodie.pl\">iod@bodie.pl<\/a>. Je\u017celi prze\u015blesz do nas wnioski dotycz\u0105ce przetwarzania statystycznych danych udost\u0119pnionych za pomoc\u0105 narz\u0119dzia Facebook Insights prze\u015blemy je do FB z uwagi na brak technicznych mo\u017cliwo\u015bci ich rozpatrzenia.<\/li><\/ul>\n\n\n\n<p>Je\u017celi uwa\u017casz, \u017ce przetwarzanie Twoich danych odbywa si\u0119 niezgodnie z obowi\u0105zuj\u0105cym prawem mo\u017cesz z\u0142o\u017cy\u0107 skarg\u0119 do organu nadzorczego \u2013 Prezesa Urz\u0119du Ochrony Danych Osobowych.<\/p>\n","protected":false},"excerpt":{"rendered":"<p>Polityka prywatno\u015bci Administratorem danych osobowych jest: Bankowy O\u015brodek Doradztwa i Edukacji Sp. z o.o. ul. Szarych Szereg\u00f3w 23a, (60-462) Pozna\u0144 (zwany dalej: BODiE, administrator) Polityka prywatno\u015bci okre\u015bla cele, podstawy prawne oraz zasady przetwarzania danych osobowych, kt\u00f3re dokonywane jest przez Bankowy O\u015brodek Doradztwa i Edukacji Sp. z o.o. w ramach funkcjonowania strony internetowej oraz prowadzenia dzia\u0142alno\u015bci gospodarczej. Poni\u017cej znajduje si\u0119 wyszczeg\u00f3lnienie &hellip;<\/p>\n","protected":false},"author":1,"featured_media":0,"parent":0,"menu_order":0,"comment_status":"closed","ping_status":"open","template":"","meta":{"footnotes":""},"aioseo_notices":[],"_links":{"self":[{"href":"https:\/\/studiobodie.pl\/index.php\/wp-json\/wp\/v2\/pages\/3"}],"collection":[{"href":"https:\/\/studiobodie.pl\/index.php\/wp-json\/wp\/v2\/pages"}],"about":[{"href":"https:\/\/studiobodie.pl\/index.php\/wp-json\/wp\/v2\/types\/page"}],"author":[{"embeddable":true,"href":"https:\/\/studiobodie.pl\/index.php\/wp-json\/wp\/v2\/users\/1"}],"replies":[{"embeddable":true,"href":"https:\/\/studiobodie.pl\/index.php\/wp-json\/wp\/v2\/comments?post=3"}],"version-history":[{"count":4,"href":"https:\/\/studiobodie.pl\/index.php\/wp-json\/wp\/v2\/pages\/3\/revisions"}],"predecessor-version":[{"id":257,"href":"https:\/\/studiobodie.pl\/index.php\/wp-json\/wp\/v2\/pages\/3\/revisions\/257"}],"wp:attachment":[{"href":"https:\/\/studiobodie.pl\/index.php\/wp-json\/wp\/v2\/media?parent=3"}],"curies":[{"name":"wp","href":"https:\/\/api.w.org\/{rel}","templated":true}]}}